{"id":75,"date":"2016-06-27T23:52:12","date_gmt":"2016-06-27T23:52:12","guid":{"rendered":"http:\/\/www.insomnestudi.com\/w16\/ca\/contacto\/"},"modified":"2017-01-25T01:51:58","modified_gmt":"2017-01-25T01:51:58","slug":"contacto","status":"publish","type":"page","link":"http:\/\/www.insomnestudi.com\/ca\/contacto\/","title":{"rendered":"Contacte"},"content":{"rendered":"<p>[vc_row section_type=&#8221;fullwidth&#8221; header_feature=&#8221;yes&#8221; margin_bottom=&#8221;40&#8243;][vc_column css=&#8221;.vc_custom_1467134951631{padding-top: 0px !important;padding-bottom: 0px !important;}&#8221;][vc_raw_html el_class=&#8221;.capa-anti-eventos&#8221;]JTNDZGl2JTIwaWQlM0QlMjJtYXBhJTIyJTNFJTBBJTIwJTIwJTIwJTIwJTNDZGl2JTIwY2xhc3MlM0QlMjJjYXBhLWFudGktZXZlbnRvcyUyMiUyMG9uY2xpY2slM0QlMjJzdHlsZS5kaXNwbGF5JTNEJTI3bm9uZSUyNyUyMiUzRSUzQyUyRmRpdiUzRSUwQSUyMCUyMCUyMCUyMCUzQ2lmcmFtZSUyMHNyYyUzRCUyMmh0dHBzJTNBJTJGJTJGd3d3Lmdvb2dsZS5jb20lMkZtYXBzJTJGZW1iZWQlM0ZwYiUzRCUyMTFtMTglMjExbTEyJTIxMW0zJTIxMWQzMTEyLjA3OTY0NTUwMDEwMiUyMTJkMi4wMDgwNTcwNTI1MTIxMzIlMjEzZDQxLjU2MjU4ODg2NTQ2NDY2JTIxMm0zJTIxMWYwJTIxMmYwJTIxM2YwJTIxM20yJTIxMWkxMDI0JTIxMmk3NjglMjE0ZjEzLjElMjEzbTMlMjExbTIlMjExczB4MTJhNDkyZWE5MTdkYWNlMSUyNTNBMHg3MmI0NDYyYjVhYWZhZTgzJTIxMnNDYXJyZXIlMkJkZSUyQmxhJTJCVW5pJTI1QzMlMjVCMyUyNTJDJTJCMiUyNTJDJTJCMDgyMjElMkJUZXJyYXNzYSUyNTJDJTJCQmFyY2Vsb25hJTIxNWUwJTIxM20yJTIxMXNlcyUyMTJzZXMlMjE0djE0NjcxMzUxOTMxMDclMjIlMjB3aWR0aCUzRCUyMjEwMCUyNSUyMiUyMGhlaWdodCUzRCUyMjMwMHB4JTIyJTIwZnJhbWVib3JkZXIlM0QlMjIwJTIyJTIwc3R5bGUlM0QlMjJib3JkZXIlM0EwJTIyJTIwYWxsb3dmdWxsc2NyZWVuJTNFJTNDJTJGaWZyYW1lJTNFJTBBJTNDJTJGZGl2JTNFJTBBJTBBJTBBJTBBJTNDc3R5bGUlM0UlMEElMjAlMjAlMjAlMjAlMjNtYXBhJTIwLmNhcGEtYW50aS1ldmVudG9zJTIwJTdCJTBBJTIwJTIwJTIwJTIwJTIwJTIwJTIwJTIwd2lkdGglM0ElMjAxMDAlMjUlM0IlMEElMjAlMjAlMjAlMjAlMjAlMjAlMjAlMjBoZWlnaHQlM0ElMjAzMDBweCUzQiUwQSUyMCUyMCUyMCUyMCUyMCUyMCUyMCUyMHBvc2l0aW9uJTNBJTIwYWJzb2x1dGUlM0IlMEElMjAlMjAlMjAlMjAlMjAlMjAlMjAlMjBjdXJzb3IlM0ElMjBwb2ludGVyJTNCJTBBJTIwJTIwJTIwJTIwJTdEJTBBJTNDJTJGc3R5bGUlM0U=[\/vc_raw_html][\/vc_column][\/vc_row][vc_row][vc_column width=&#8221;1\/2&#8243;][vc_column_text animation=&#8221;fadeInLeft&#8221;]C\/ Uni\u00f3 2, Escalera A 3\u00ba B<br \/>\n08221 \u2013 Terrassa (Barcelona)<br \/>\nTel. 93 789 94 47<\/p>\n<p>Estaci\u00f3 Terrassa-Rambla dels FGC (Linea S1) a 5 minuts caminant.<br \/>\nP\u00e0rquing Pla\u00e7a Vella a 1 minut caminant.<\/p>\n<p><a href=\"mailto:insomne@insomnestudi.com\"><strong><em>insomne@insomnestudi.com<\/em><\/strong><\/a>[\/vc_column_text][\/vc_column][vc_column width=&#8221;1\/2&#8243;]<div class=\"grve-element grve-image grve-animated-item grve-fadeInRight grve-align-center\" style=\"\" data-delay=\"800\"><img loading=\"lazy\" decoding=\"async\" width=\"400\" height=\"228\" src=\"http:\/\/www.insomnestudi.com\/wp-content\/uploads\/logo-insomne-animation-Studio400-1.jpg\" class=\"attachment-full size-full\" alt=\"\" srcset=\"http:\/\/www.insomnestudi.com\/wp-content\/uploads\/logo-insomne-animation-Studio400-1.jpg 1x,http:\/\/www.insomnestudi.com\/wp-content\/uploads\/logo-insomne-animation-Studio400-1.jpg 2x\" \/><\/div>[\/vc_column][\/vc_row]<\/p>\n","protected":false},"excerpt":{"rendered":"<p>[vc_row section_type=&#8221;fullwidth&#8221; header_feature=&#8221;yes&#8221; margin_bottom=&#8221;40&#8243;][vc_column css=&#8221;.vc_custom_1467134951631{padding-top: 0px !important;padding-bottom: 0px !important;}&#8221;][vc_raw_html el_class=&#8221;.capa-anti-eventos&#8221;]JTNDZGl2JTIwaWQlM0QlMjJtYXBhJTIyJTNFJTBBJTIwJTIwJTIwJTIwJTNDZGl2JTIwY2xhc3MlM0QlMjJjYXBhLWFudGktZXZlbnRvcyUyMiUyMG9uY2xpY2slM0QlMjJzdHlsZS5kaXNwbGF5JTNEJTI3bm9uZSUyNyUyMiUzRSUzQyUyRmRpdiUzRSUwQSUyMCUyMCUyMCUyMCUzQ2lmcmFtZSUyMHNyYyUzRCUyMmh0dHBzJTNBJTJGJTJGd3d3Lmdvb2dsZS5jb20lMkZtYXBzJTJGZW1iZWQlM0ZwYiUzRCUyMTFtMTglMjExbTEyJTIxMW0zJTIxMWQzMTEyLjA3OTY0NTUwMDEwMiUyMTJkMi4wMDgwNTcwNTI1MTIxMzIlMjEzZDQxLjU2MjU4ODg2NTQ2NDY2JTIxMm0zJTIxMWYwJTIxMmYwJTIxM2YwJTIxM20yJTIxMWkxMDI0JTIxMmk3NjglMjE0ZjEzLjElMjEzbTMlMjExbTIlMjExczB4MTJhNDkyZWE5MTdkYWNlMSUyNTNBMHg3MmI0NDYyYjVhYWZhZTgzJTIxMnNDYXJyZXIlMkJkZSUyQmxhJTJCVW5pJTI1QzMlMjVCMyUyNTJDJTJCMiUyNTJDJTJCMDgyMjElMkJUZXJyYXNzYSUyNTJDJTJCQmFyY2Vsb25hJTIxNWUwJTIxM20yJTIxMXNlcyUyMTJzZXMlMjE0djE0NjcxMzUxOTMxMDclMjIlMjB3aWR0aCUzRCUyMjEwMCUyNSUyMiUyMGhlaWdodCUzRCUyMjMwMHB4JTIyJTIwZnJhbWVib3JkZXIlM0QlMjIwJTIyJTIwc3R5bGUlM0QlMjJib3JkZXIlM0EwJTIyJTIwYWxsb3dmdWxsc2NyZWVuJTNFJTNDJTJGaWZyYW1lJTNFJTBBJTNDJTJGZGl2JTNFJTBBJTBBJTBBJTBBJTNDc3R5bGUlM0UlMEElMjAlMjAlMjAlMjAlMjNtYXBhJTIwLmNhcGEtYW50aS1ldmVudG9zJTIwJTdCJTBBJTIwJTIwJTIwJTIwJTIwJTIwJTIwJTIwd2lkdGglM0ElMjAxMDAlMjUlM0IlMEElMjAlMjAlMjAlMjAlMjAlMjAlMjAlMjBoZWlnaHQlM0ElMjAzMDBweCUzQiUwQSUyMCUyMCUyMCUyMCUyMCUyMCUyMCUyMHBvc2l0aW9uJTNBJTIwYWJzb2x1dGUlM0IlMEElMjAlMjAlMjAlMjAlMjAlMjAlMjAlMjBjdXJzb3IlM0ElMjBwb2ludGVyJTNCJTBBJTIwJTIwJTIwJTIwJTdEJTBBJTNDJTJGc3R5bGUlM0U=[\/vc_raw_html][\/vc_column][\/vc_row][vc_row][vc_column width=&#8221;1\/2&#8243;][vc_column_text animation=&#8221;fadeInLeft&#8221;]C\/ Uni\u00f3 2, Escalera A 3\u00ba B 08221 \u2013 Terrassa (Barcelona) Tel. 93 789 94 47 Estaci\u00f3 Terrassa-Rambla dels FGC (Linea S1) a 5 minuts caminant. P\u00e0rquing Pla\u00e7a Vella a 1 minut caminant. insomne@insomnestudi.com[\/vc_column_text][\/vc_column][vc_column width=&#8221;1\/2&#8243;][\/vc_column][\/vc_row]<\/p>\n","protected":false},"author":1,"featured_media":0,"parent":0,"menu_order":0,"comment_status":"closed","ping_status":"closed","template":"","meta":{"footnotes":""},"class_list":["post-75","page","type-page","status-publish","hentry"],"_links":{"self":[{"href":"http:\/\/www.insomnestudi.com\/ca\/wp-json\/wp\/v2\/pages\/75","targetHints":{"allow":["GET"]}}],"collection":[{"href":"http:\/\/www.insomnestudi.com\/ca\/wp-json\/wp\/v2\/pages"}],"about":[{"href":"http:\/\/www.insomnestudi.com\/ca\/wp-json\/wp\/v2\/types\/page"}],"author":[{"embeddable":true,"href":"http:\/\/www.insomnestudi.com\/ca\/wp-json\/wp\/v2\/users\/1"}],"replies":[{"embeddable":true,"href":"http:\/\/www.insomnestudi.com\/ca\/wp-json\/wp\/v2\/comments?post=75"}],"version-history":[{"count":31,"href":"http:\/\/www.insomnestudi.com\/ca\/wp-json\/wp\/v2\/pages\/75\/revisions"}],"predecessor-version":[{"id":468,"href":"http:\/\/www.insomnestudi.com\/ca\/wp-json\/wp\/v2\/pages\/75\/revisions\/468"}],"wp:attachment":[{"href":"http:\/\/www.insomnestudi.com\/ca\/wp-json\/wp\/v2\/media?parent=75"}],"curies":[{"name":"wp","href":"https:\/\/api.w.org\/{rel}","templated":true}]}}