{"id":442,"date":"2016-06-28T18:54:34","date_gmt":"2016-06-28T18:54:34","guid":{"rendered":"http:\/\/www.insomnestudi.com\/w16\/que-es-insomne\/"},"modified":"2017-03-14T20:38:38","modified_gmt":"2017-03-14T20:38:38","slug":"que-es-insomne","status":"publish","type":"page","link":"http:\/\/www.insomnestudi.com\/ca\/que-es-insomne\/","title":{"rendered":"Qu\u00e8 \u00e9s Insomne?"},"content":{"rendered":"<p>[vc_row margin_bottom=&#8221;70&#8243;][vc_column width=&#8221;1\/4&#8243;]<div class=\"grve-element grve-image grve-align-center\" style=\"\"><img loading=\"lazy\" decoding=\"async\" width=\"500\" height=\"285\" src=\"http:\/\/www.insomnestudi.com\/wp-content\/uploads\/logo-insomne-animation-Studio.jpg\" class=\"attachment-full size-full\" alt=\"\" srcset=\"http:\/\/www.insomnestudi.com\/wp-content\/uploads\/logo-insomne-animation-Studio.jpg 1x,http:\/\/www.insomnestudi.com\/wp-content\/uploads\/logo-insomne-animation-Studio.jpg 2x\" \/><\/div>[\/vc_column][vc_column width=&#8221;3\/4&#8243;][vc_column_text]<\/p>\n<p class=\"p1\"><strong>Insomne<\/strong> \u200b\u200b\u00e9s un estudi barcelon\u00ed especialitzat en animaci\u00f3 <span class=\"hiddenSpellError\">2D<\/span>, que a m\u00e9s gestiona i desenvolupa projectes audiovisuals de manera integral. Des de la idea que d\u00f3na vida al gui\u00f3 fins al muntatge final, l&#8217;equip d&#8217;insomne \u200b\u200bassumeix i acompanya cada fase del proc\u00e9s de producci\u00f3 d&#8217;un projecte.<\/p>\n<p><span class=\"hiddenSpellError\">Alex<\/span> Morales i <span class=\"hiddenSpellError\">Santi<\/span> Comella s\u00f3n les ments creatives i incansables darrere d&#8217;<strong>Insomne<\/strong>, empresa que va veure la llum a principis <span class=\"hiddenGrammarError\">de 2009<\/span>, quan els seus fundadors van decidir unir esfor\u00e7os sota un mateix sostre per desenvolupar projectes de disseny i animaci\u00f3 -i alhora\u00a0pagar junts la desaforada despesa en caf\u00e8<span style=\"font-weight: 400;\">, elixir inseparable d&#8217;aquest ofici<\/span>-.<\/p>\n<p>Amb el pas dels anys, diverses produccions pr\u00f2pies i alienes a sobre -i el triple de tasses de &#8216;<span class=\"hiddenSpellError\">espresso<\/span>&#8216;-, la fam\u00edlia d&#8217;<strong>Insomne<\/strong> \u200b\u200bha anat creixent fins a convertir-se en un inigualable equip de professionals i creatius, que des del seu centre d&#8217;operacions ubicat a Terrassa, d\u00f3na suport i aposta per produccions de qualitat amb gent que gaudeix i aboca tota la seva passi\u00f3 en el que fa.<\/p>\n<p>En <strong>Insomne<\/strong> \u200b\u200btots els projectes s\u00f3n especials &#8230; Perqu\u00e8 ens encanta la nostra feina![\/vc_column_text][\/vc_column][\/vc_row][vc_row bg_type=&#8221;image&#8221; bg_image=&#8221;258&#8243; bg_image_type=&#8221;parallax&#8221; padding_top=&#8221;200&#8243; padding_bottom=&#8221;200&#8243;][vc_column][\/vc_column][\/vc_row][vc_row][vc_column width=&#8221;1\/4&#8243;]<div class=\"grve-element grve-image grve-animated-item grve-fadeIn grve-align-center\" style=\"\" data-delay=\"200\"><img loading=\"lazy\" decoding=\"async\" width=\"600\" height=\"673\" src=\"http:\/\/www.insomnestudi.com\/wp-content\/uploads\/santi-1.jpg\" class=\"grve-full-image attachment-full size-full\" alt=\"\" srcset=\"http:\/\/www.insomnestudi.com\/wp-content\/uploads\/santi-1.jpg 1x,http:\/\/www.insomnestudi.com\/wp-content\/uploads\/santi-1.jpg 2x\" \/><\/div>[\/vc_column][vc_column width=&#8221;1\/4&#8243;][vc_column_text animation=&#8221;fadeIn&#8221; animation_delay=&#8221;400&#8243;]<span class=\"s2\"><strong>Santi<\/strong> treballava com a free-lance fent de dibuixant, dissenyador i\u00a0<\/span><span class=\"s2\">il\u00b7lustrador, per\u00f2 sobretot com a realitzador, dirigint projectes\u00a0<\/span><span class=\"s2\">d&#8217;animaci\u00f3 per a televisi\u00f3 com ara &#8216;<strong>King Arthur Disaster &#8216;s&#8217;<\/strong>\u00a0(CITV,\u00a0<\/span><span class=\"s2\">UK), &#8216;<strong>2020&#8242;<\/strong>\u00a0(Animation World \/ Antena 3 TV, ESP ), &#8216;<strong>La Brigada dels\u00a0<\/strong><\/span><span class=\"s2\"><strong>Fossers&#8217;<\/strong>(Neptuno Films \/ TV3 Televisi\u00f3 de Catalunya, ESP),\u00a0&#8216;<\/span><span class=\"s2\"><strong>Bandoler&#8217;<\/strong>\u00a0(Neptuno Films \/ Canal Sud, ESP),<strong>\u00a0&#8216;Stone Age&#8217;<\/strong>\u00a0(BKN Kids,\u00a0<\/span><span class=\"s2\">USA), etc &#8230; Aix\u00ed mateix ha participat fent storyboards,\u00a0<\/span><span class=\"s2\">dissenyant personatges i com a animador en molts altres projectes\u00a0<\/span><span class=\"s2\">per a diferents productores de televisi\u00f3 i publicitat.<\/span>[\/vc_column_text][\/vc_column][vc_column width=&#8221;1\/4&#8243;]<div class=\"grve-element grve-image grve-animated-item grve-fadeIn grve-align-center\" style=\"\" data-delay=\"600\"><img loading=\"lazy\" decoding=\"async\" width=\"600\" height=\"673\" src=\"http:\/\/www.insomnestudi.com\/wp-content\/uploads\/alex-1.jpg\" class=\"grve-full-image attachment-full size-full\" alt=\"\" srcset=\"http:\/\/www.insomnestudi.com\/wp-content\/uploads\/alex-1.jpg 1x,http:\/\/www.insomnestudi.com\/wp-content\/uploads\/alex-1.jpg 2x\" \/><\/div>[\/vc_column][vc_column width=&#8221;1\/4&#8243;][vc_column_text animation=&#8221;fadeIn&#8221; animation_delay=&#8221;800&#8243;]<span class=\"s1\">En el passat, <strong>Alex<\/strong> ha realitzat treballs tant de composici\u00f3 com\u00a0<\/span><span class=\"s1\">d&#8217;animaci\u00f3, infograf\u00edes i rigging de personatges en moltes s\u00e8ries\u00a0<\/span><span class=\"s1\">d&#8217;animaci\u00f3. <strong>&#8216;Connie the cow&#8217;\u00a0<\/strong>(Neptuno Films, ESP), <strong>&#8216;Sea\u00a0<\/strong><\/span><span class=\"s1\"><strong>Princesses&#8217;<\/strong>\u00a0(Southern Star, AUS), &#8216;<strong>King Arthur Disaster&#8217;s&#8217;<\/strong> (CITV,\u00a0<\/span><span class=\"s1\">UK), &#8216;<strong>Stone Age&#8217;<\/strong>\u00a0(BKN Kids, USA), <strong>&#8216;Sincopats&#8217;<\/strong>\u00a0(Tomavistas, ESP) o\u00a0<strong>&#8216;<\/strong><\/span><span class=\"s1\"><strong>Lapitch, the little Shoemaker&#8217;<\/strong>\u00a0(Croatia Films), s\u00f3n algunes de les\u00a0<\/span><span class=\"s1\">s\u00e8ries destacades en qu\u00e8 ha participat.<\/span>[\/vc_column_text][\/vc_column][\/vc_row][vc_row][vc_column][\/vc_column][\/vc_row]<\/p>\n","protected":false},"excerpt":{"rendered":"<p>[vc_row margin_bottom=&#8221;70&#8243;][vc_column width=&#8221;1\/4&#8243;][\/vc_column][vc_column width=&#8221;3\/4&#8243;][vc_column_text] Insomne \u200b\u200b\u00e9s un estudi barcelon\u00ed especialitzat en animaci\u00f3 2D, que a m\u00e9s gestiona i desenvolupa projectes audiovisuals de manera integral. Des de la idea que d\u00f3na vida al gui\u00f3 fins al muntatge final, l&#8217;equip d&#8217;insomne \u200b\u200bassumeix i acompanya cada fase del proc\u00e9s de producci\u00f3 d&#8217;un projecte. Alex Morales i Santi Comella [&hellip;]<\/p>\n","protected":false},"author":1,"featured_media":0,"parent":0,"menu_order":0,"comment_status":"closed","ping_status":"closed","template":"","meta":{"footnotes":""},"class_list":["post-442","page","type-page","status-publish","hentry"],"_links":{"self":[{"href":"http:\/\/www.insomnestudi.com\/ca\/wp-json\/wp\/v2\/pages\/442","targetHints":{"allow":["GET"]}}],"collection":[{"href":"http:\/\/www.insomnestudi.com\/ca\/wp-json\/wp\/v2\/pages"}],"about":[{"href":"http:\/\/www.insomnestudi.com\/ca\/wp-json\/wp\/v2\/types\/page"}],"author":[{"embeddable":true,"href":"http:\/\/www.insomnestudi.com\/ca\/wp-json\/wp\/v2\/users\/1"}],"replies":[{"embeddable":true,"href":"http:\/\/www.insomnestudi.com\/ca\/wp-json\/wp\/v2\/comments?post=442"}],"version-history":[{"count":7,"href":"http:\/\/www.insomnestudi.com\/ca\/wp-json\/wp\/v2\/pages\/442\/revisions"}],"predecessor-version":[{"id":988,"href":"http:\/\/www.insomnestudi.com\/ca\/wp-json\/wp\/v2\/pages\/442\/revisions\/988"}],"wp:attachment":[{"href":"http:\/\/www.insomnestudi.com\/ca\/wp-json\/wp\/v2\/media?parent=442"}],"curies":[{"name":"wp","href":"https:\/\/api.w.org\/{rel}","templated":true}]}}